{"id":325,"date":"2021-02-28T21:07:28","date_gmt":"2021-02-28T20:07:28","guid":{"rendered":"http:\/\/lovely-ux.de\/?page_id=325"},"modified":"2021-04-04T13:49:33","modified_gmt":"2021-04-04T11:49:33","slug":"datenschutzerklaerung-3","status":"publish","type":"page","link":"https:\/\/lovely-ux.de\/en\/datenschutzerklaerung-3\/","title":{"rendered":"Privacy Policy"},"content":{"rendered":"<h2 class=\"wp-block-heading\">How we are<\/h2>\n\n\n\n<p>Die Adresse unserer Website ist: https:\/\/lovely-ux.de. Die Website wird betrieben von Christiane Ha\u00dflberger (christiane@lovely-ux.de).<\/p>\n\n\n\n<h2 class=\"wp-block-heading\">What personal data we collect and why we collect it<\/h2>\n\n\n\n<h3 class=\"wp-block-heading\">Embedded Elements from Other Websites<\/h3>\n\n\n\n<p>Beitr\u00e4ge auf dieser Website k\u00f6nnen eingebettete Inhalte beinhalten (z.&nbsp;B. Videos, Bilder, Beitr\u00e4ge etc.). Eingebettete Inhalte von anderen Websites (z. B. YouTube) verhalten sich exakt so, als ob du die andere Website besucht h\u00e4ttest.<\/p>\n\n\n\n<p>These websites may collect information about you, use cookies, embed additional third party tracking services, and record your interaction with that embedded content, including your interaction with the embedded content if you have an account and are logged into that website.<\/p>\n\n\n\n<h3 class=\"wp-block-heading\">Services for Analysis<\/h3>\n\n\n\n<p>If you have given your consent, this website uses Google Analytics, a web analytics service provided by Google Ireland Limited (\"Google\"). The use includes the operating mode \"Universal Analytics\". This makes it possible to assign data, sessions and interactions across multiple devices to a pseudonymous user ID and thus analyze the activities of a user across devices. This data protection notice on Google Analytics is provided by&nbsp;<a href=\"https:\/\/www.intersoft-consulting.de\/\" target=\"_blank\" rel=\"noreferrer noopener\">www.intersoft-consulting.de<\/a>.<\/p>\n\n\n\n<p>Google Analytics uses \"cookies\", which are text files placed on your computer, to help the website analyze how users use the site. The information generated by the cookie about your use of the website will be transmitted to and stored by Google on servers in the United States. In the event that IP anonymization is activated on this website, however, your IP address will be truncated beforehand by Google within member states of the European Union or in other contracting states to the Agreement on the European Economic Area. We would like to point out that on this website Google Analytics has been extended by IP anonymization to ensure anonymized collection of IP addresses (so-called IP masking). The IP address transmitted by your browser as part of Google Analytics will not be merged with other data from Google. You can find more information on terms of use and data protection at&nbsp;<a href=\"https:\/\/www.google.com\/analytics\/terms\/de.html\" target=\"_blank\" rel=\"noreferrer noopener\">https:\/\/www.google.com\/analytics\/terms\/de.html<\/a>&nbsp;and under&nbsp;<a href=\"https:\/\/policies.google.com\/?hl=de\" target=\"_blank\" rel=\"noreferrer noopener\">https:\/\/policies.google.com\/?hl=de<\/a>.<\/p>\n\n\n\n<p><strong>Processing Purposes<\/strong><br>On behalf of the operator of this website, Google will use this information for the purpose of evaluating your use of the website, compiling reports on website activity and providing other services relating to website activity and internet usage to the website operator.<\/p>\n\n\n\n<p><strong>Legal Basis<\/strong><br>The legal basis for the use of Google Analytics is your consent in accordance with&nbsp;<a href=\"https:\/\/dsgvo-gesetz.de\/art-6-dsgvo\/\" target=\"_blank\" rel=\"noreferrer noopener\">Art. 6 Abs. 1 S.1 lit. a DSGVO<\/a>.<\/p>\n\n\n\n<p><strong>Receiver \/ Cetegories of Receivers<\/strong><br>The recipient of the collected data is Google.<\/p>\n\n\n\n<p><strong>Transfer to Third Countries<\/strong><br>Personal data is transferred to the US under the EU-US Privacy Shield based on the European Commission's adequacy decision. You can download the certificate&nbsp;<a href=\"https:\/\/www.privacyshield.gov\/participant?id=a2zt000000001L5AAI\" target=\"_blank\" rel=\"noreferrer noopener\">here<\/a>&nbsp;.<\/p>\n\n\n\n<p><strong>Duration of Data Storage<\/strong><br>The data sent by us and linked to cookies, user IDs (e.g. user ID) or advertising IDs are automatically deleted after 14 months. The deletion of data whose retention period has been reached takes place automatically once a month.<\/p>\n\n\n\n<p><strong>Rights<\/strong><br>You can revoke your consent at any time with effect for the future by preventing the storage of cookies through a corresponding setting of your browser software; however, we would like to point out that in this case you may not be able to use all functions of this website to their full extent.<\/p>\n\n\n\n<p>You can also prevent the collection of data generated by the cookie and related to your use of the website (including IP address) to Google and the processing of this data by Google by selecting the appropriate settings on your browser and installing a&nbsp;<a href=\"https:\/\/tools.google.com\/dlpage\/gaoptout?hl=de\" target=\"_blank\" rel=\"noreferrer noopener\">Browser-Add-on<\/a>&nbsp;. Opt-out cookies prevent the future collection of your data when visiting this website. To prevent collection by Universal Analytics across devices, you must opt-out on all systems used.<\/p>\n\n\n\n<h2 class=\"wp-block-heading\">How long we store your Data<\/h2>\n\n\n\n<p>Gespeicherte Daten aus Google Analytics werden nach 14 Monaten gel\u00f6scht.<\/p>\n\n\n\n<h2 class=\"wp-block-heading\">Which Rights you have<\/h2>\n\n\n\n<p>Auf dieser Website werden keine personenbezogenen Daten erhoben. <\/p>\n\n\n\n<p>Generell hast du immer das Recht, einen Export deiner personenbezogenen Daten anzufordern, inklusive aller Daten, die du uns mitgeteilt hast. Dar\u00fcber hinaus kannst du die L\u00f6schung aller personenbezogenen Daten anfordern. Dies umfasst nicht die Daten, die wir aufgrund administrativer, rechtlicher oder sicherheitsrelevanter Notwendigkeiten aufbewahren m\u00fcssen.<\/p>","protected":false},"excerpt":{"rendered":"<p>Wer wir sind Die Adresse unserer Website ist: https:\/\/lovely-ux.de. Die Website wird betrieben von Christiane Ha\u00dflberger (christiane@lovely-ux.de). Welche personenbezogenen Daten wir sammeln und warum wir sie sammeln Eingebettete Inhalte von anderen Websites Beitr\u00e4ge auf dieser Website k\u00f6nnen eingebettete Inhalte beinhalten (z.&nbsp;B. Videos, Bilder, Beitr\u00e4ge etc.). Eingebettete Inhalte von anderen Websites (z. B. YouTube) verhalten sich &hellip; <\/p>","protected":false},"author":1,"featured_media":0,"parent":0,"menu_order":0,"comment_status":"closed","ping_status":"closed","template":"","meta":{"footnotes":""},"class_list":["post-325","page","type-page","status-publish","hentry"],"yoast_head":"<!-- This site is optimized with the Yoast SEO plugin v27.0 - https:\/\/yoast.com\/product\/yoast-seo-wordpress\/ -->\n<title>Datenschutzerkl\u00e4rung | Lovely UX<\/title>\n<meta name=\"robots\" content=\"noindex, follow\" \/>\n<meta property=\"og:locale\" content=\"en_US\" \/>\n<meta property=\"og:type\" content=\"article\" \/>\n<meta property=\"og:title\" content=\"Datenschutzerkl\u00e4rung | Lovely UX\" \/>\n<meta property=\"og:description\" content=\"Wer wir sind Die Adresse unserer Website ist: https:\/\/lovely-ux.de. Die Website wird betrieben von Christiane Ha\u00dflberger (christiane@lovely-ux.de). Welche personenbezogenen Daten wir sammeln und warum wir sie sammeln Eingebettete Inhalte von anderen Websites Beitr\u00e4ge auf dieser Website k\u00f6nnen eingebettete Inhalte beinhalten (z.&nbsp;B. Videos, Bilder, Beitr\u00e4ge etc.). Eingebettete Inhalte von anderen Websites (z. B. YouTube) verhalten sich &hellip;\" \/>\n<meta property=\"og:url\" content=\"https:\/\/lovely-ux.de\/en\/datenschutzerklaerung-3\/\" \/>\n<meta property=\"og:site_name\" content=\"Lovely UX\" \/>\n<meta property=\"article:modified_time\" content=\"2021-04-04T11:49:33+00:00\" \/>\n<meta name=\"twitter:card\" content=\"summary_large_image\" \/>\n<meta name=\"twitter:site\" content=\"@lovely_ux_blog\" \/>\n<meta name=\"twitter:label1\" content=\"Est. reading time\" \/>\n\t<meta name=\"twitter:data1\" content=\"3 minutes\" \/>\n<script type=\"application\/ld+json\" class=\"yoast-schema-graph\">{\"@context\":\"https:\/\/schema.org\",\"@graph\":[{\"@type\":\"WebPage\",\"@id\":\"https:\/\/lovely-ux.de\/datenschutzerklaerung-3\/\",\"url\":\"https:\/\/lovely-ux.de\/datenschutzerklaerung-3\/\",\"name\":\"Datenschutzerkl\u00e4rung | Lovely UX\",\"isPartOf\":{\"@id\":\"https:\/\/lovely-ux.de\/#website\"},\"datePublished\":\"2021-02-28T20:07:28+00:00\",\"dateModified\":\"2021-04-04T11:49:33+00:00\",\"breadcrumb\":{\"@id\":\"https:\/\/lovely-ux.de\/datenschutzerklaerung-3\/#breadcrumb\"},\"inLanguage\":\"en-US\",\"potentialAction\":[{\"@type\":\"ReadAction\",\"target\":[\"https:\/\/lovely-ux.de\/datenschutzerklaerung-3\/\"]}]},{\"@type\":\"BreadcrumbList\",\"@id\":\"https:\/\/lovely-ux.de\/datenschutzerklaerung-3\/#breadcrumb\",\"itemListElement\":[{\"@type\":\"ListItem\",\"position\":1,\"name\":\"Startseite\",\"item\":\"https:\/\/lovely-ux.de\/\"},{\"@type\":\"ListItem\",\"position\":2,\"name\":\"Datenschutzerkl\u00e4rung\"}]},{\"@type\":\"WebSite\",\"@id\":\"https:\/\/lovely-ux.de\/#website\",\"url\":\"https:\/\/lovely-ux.de\/\",\"name\":\"Lovely UX\",\"description\":\"Blog \u00fcber User Experience\",\"publisher\":{\"@id\":\"https:\/\/lovely-ux.de\/#organization\"},\"potentialAction\":[{\"@type\":\"SearchAction\",\"target\":{\"@type\":\"EntryPoint\",\"urlTemplate\":\"https:\/\/lovely-ux.de\/?s={search_term_string}\"},\"query-input\":{\"@type\":\"PropertyValueSpecification\",\"valueRequired\":true,\"valueName\":\"search_term_string\"}}],\"inLanguage\":\"en-US\"},{\"@type\":\"Organization\",\"@id\":\"https:\/\/lovely-ux.de\/#organization\",\"name\":\"Lovely UX\",\"url\":\"https:\/\/lovely-ux.de\/\",\"logo\":{\"@type\":\"ImageObject\",\"inLanguage\":\"en-US\",\"@id\":\"https:\/\/lovely-ux.de\/#\/schema\/logo\/image\/\",\"url\":\"https:\/\/lovely-ux.de\/wp-content\/uploads\/2020\/04\/favicon.png\",\"contentUrl\":\"https:\/\/lovely-ux.de\/wp-content\/uploads\/2020\/04\/favicon.png\",\"width\":512,\"height\":512,\"caption\":\"Lovely UX\"},\"image\":{\"@id\":\"https:\/\/lovely-ux.de\/#\/schema\/logo\/image\/\"},\"sameAs\":[\"https:\/\/x.com\/lovely_ux_blog\"]}]}<\/script>\n<!-- \/ Yoast SEO plugin. -->","yoast_head_json":{"title":"Datenschutzerkl\u00e4rung | Lovely UX","robots":{"index":"noindex","follow":"follow"},"og_locale":"en_US","og_type":"article","og_title":"Datenschutzerkl\u00e4rung | Lovely UX","og_description":"Wer wir sind Die Adresse unserer Website ist: https:\/\/lovely-ux.de. Die Website wird betrieben von Christiane Ha\u00dflberger (christiane@lovely-ux.de). Welche personenbezogenen Daten wir sammeln und warum wir sie sammeln Eingebettete Inhalte von anderen Websites Beitr\u00e4ge auf dieser Website k\u00f6nnen eingebettete Inhalte beinhalten (z.&nbsp;B. Videos, Bilder, Beitr\u00e4ge etc.). Eingebettete Inhalte von anderen Websites (z. B. YouTube) verhalten sich &hellip;","og_url":"https:\/\/lovely-ux.de\/en\/datenschutzerklaerung-3\/","og_site_name":"Lovely UX","article_modified_time":"2021-04-04T11:49:33+00:00","twitter_card":"summary_large_image","twitter_site":"@lovely_ux_blog","twitter_misc":{"Est. reading time":"3 minutes"},"schema":{"@context":"https:\/\/schema.org","@graph":[{"@type":"WebPage","@id":"https:\/\/lovely-ux.de\/datenschutzerklaerung-3\/","url":"https:\/\/lovely-ux.de\/datenschutzerklaerung-3\/","name":"Datenschutzerkl\u00e4rung | Lovely UX","isPartOf":{"@id":"https:\/\/lovely-ux.de\/#website"},"datePublished":"2021-02-28T20:07:28+00:00","dateModified":"2021-04-04T11:49:33+00:00","breadcrumb":{"@id":"https:\/\/lovely-ux.de\/datenschutzerklaerung-3\/#breadcrumb"},"inLanguage":"en-US","potentialAction":[{"@type":"ReadAction","target":["https:\/\/lovely-ux.de\/datenschutzerklaerung-3\/"]}]},{"@type":"BreadcrumbList","@id":"https:\/\/lovely-ux.de\/datenschutzerklaerung-3\/#breadcrumb","itemListElement":[{"@type":"ListItem","position":1,"name":"Startseite","item":"https:\/\/lovely-ux.de\/"},{"@type":"ListItem","position":2,"name":"Datenschutzerkl\u00e4rung"}]},{"@type":"WebSite","@id":"https:\/\/lovely-ux.de\/#website","url":"https:\/\/lovely-ux.de\/","name":"Lovely UX","description":"Blog \u00fcber User Experience","publisher":{"@id":"https:\/\/lovely-ux.de\/#organization"},"potentialAction":[{"@type":"SearchAction","target":{"@type":"EntryPoint","urlTemplate":"https:\/\/lovely-ux.de\/?s={search_term_string}"},"query-input":{"@type":"PropertyValueSpecification","valueRequired":true,"valueName":"search_term_string"}}],"inLanguage":"en-US"},{"@type":"Organization","@id":"https:\/\/lovely-ux.de\/#organization","name":"Lovely UX","url":"https:\/\/lovely-ux.de\/","logo":{"@type":"ImageObject","inLanguage":"en-US","@id":"https:\/\/lovely-ux.de\/#\/schema\/logo\/image\/","url":"https:\/\/lovely-ux.de\/wp-content\/uploads\/2020\/04\/favicon.png","contentUrl":"https:\/\/lovely-ux.de\/wp-content\/uploads\/2020\/04\/favicon.png","width":512,"height":512,"caption":"Lovely UX"},"image":{"@id":"https:\/\/lovely-ux.de\/#\/schema\/logo\/image\/"},"sameAs":["https:\/\/x.com\/lovely_ux_blog"]}]}},"_links":{"self":[{"href":"https:\/\/lovely-ux.de\/en\/wp-json\/wp\/v2\/pages\/325","targetHints":{"allow":["GET"]}}],"collection":[{"href":"https:\/\/lovely-ux.de\/en\/wp-json\/wp\/v2\/pages"}],"about":[{"href":"https:\/\/lovely-ux.de\/en\/wp-json\/wp\/v2\/types\/page"}],"author":[{"embeddable":true,"href":"https:\/\/lovely-ux.de\/en\/wp-json\/wp\/v2\/users\/1"}],"replies":[{"embeddable":true,"href":"https:\/\/lovely-ux.de\/en\/wp-json\/wp\/v2\/comments?post=325"}],"version-history":[{"count":11,"href":"https:\/\/lovely-ux.de\/en\/wp-json\/wp\/v2\/pages\/325\/revisions"}],"predecessor-version":[{"id":387,"href":"https:\/\/lovely-ux.de\/en\/wp-json\/wp\/v2\/pages\/325\/revisions\/387"}],"wp:attachment":[{"href":"https:\/\/lovely-ux.de\/en\/wp-json\/wp\/v2\/media?parent=325"}],"curies":[{"name":"wp","href":"https:\/\/api.w.org\/{rel}","templated":true}]}}